{"id":360,"date":"2019-01-21T02:53:00","date_gmt":"2019-01-21T01:53:00","guid":{"rendered":"http:\/\/192.168.1.104\/restaurant\/?page_id=9"},"modified":"2025-10-27T15:22:38","modified_gmt":"2025-10-27T14:22:38","slug":"welcome","status":"publish","type":"page","link":"https:\/\/www.hotelbenedicta.net\/es\/","title":{"rendered":"Hotel Benedicta"},"content":{"rendered":"\n<style type=\"text\/css\" data-created_by=\"avia_inline_auto\" id=\"style-css-av-6v440-d4e29a23113d48567f444e249840d329\">\n.avia-section.av-6v440-d4e29a23113d48567f444e249840d329 .av-parallax .av-parallax-inner{\nbackground-repeat:no-repeat;\nbackground-image:url(https:\/\/www.hotelbenedicta.net\/wp-content\/uploads\/2025\/10\/ciudad-de-mexico.jpg);\nbackground-position:50% 50%;\nbackground-attachment:scroll;\n}\n<\/style>\n<div id='av_section_1'  class='avia-section av-6v440-d4e29a23113d48567f444e249840d329 main_color avia-section-default avia-no-shadow  avia-builder-el-0  el_before_av_section  avia-builder-el-first  avia-full-stretch av-parallax-section avia-bg-style-parallax av-minimum-height av-minimum-height-custom av-height-custom  container_wrap sidebar_right'  data-section-bg-repeat='stretch' data-av_minimum_height_px='600'><div class='av-parallax' data-avia-parallax-ratio='0.3' ><div class='av-parallax-inner main_color avia-full-stretch'><\/div><\/div><div class='container av-section-cont-open' style='height:600px'><main  role=\"main\" itemprop=\"mainContentOfPage\"  class='template-page content  av-content-small alpha units'><div class='post-entry post-entry-type-page post-entry-360'><div class='entry-content-wrapper clearfix'>\n\n<style type=\"text\/css\" data-created_by=\"avia_inline_auto\" id=\"style-css-av-jwuju20i-9da923bc75605834b47b30e04a2808fb\">\n#top .av-special-heading.av-jwuju20i-9da923bc75605834b47b30e04a2808fb{\npadding-bottom:0;\ncolor:#ffffff;\nfont-size:60px;\n}\nbody .av-special-heading.av-jwuju20i-9da923bc75605834b47b30e04a2808fb .av-special-heading-tag .heading-char{\nfont-size:25px;\n}\n#top #wrap_all .av-special-heading.av-jwuju20i-9da923bc75605834b47b30e04a2808fb .av-special-heading-tag{\nfont-size:60px;\n}\n.av-special-heading.av-jwuju20i-9da923bc75605834b47b30e04a2808fb .special-heading-inner-border{\nborder-color:#ffffff;\n}\n.av-special-heading.av-jwuju20i-9da923bc75605834b47b30e04a2808fb .av-subheading{\nfont-size:18px;\n}\n\n@media only screen and (min-width: 480px) and (max-width: 767px){ \n#top #wrap_all .av-special-heading.av-jwuju20i-9da923bc75605834b47b30e04a2808fb .av-special-heading-tag{\nfont-size:0.8em;\n}\n}\n\n@media only screen and (max-width: 479px){ \n#top #wrap_all .av-special-heading.av-jwuju20i-9da923bc75605834b47b30e04a2808fb .av-special-heading-tag{\nfont-size:0.8em;\n}\n}\n<\/style>\n<div  class='av-special-heading av-jwuju20i-9da923bc75605834b47b30e04a2808fb av-special-heading-h1 custom-color-heading blockquote modern-quote  avia-builder-el-1  avia-builder-el-no-sibling  av-thin-font av-inherit-size av-linked-heading'><h1 class='av-special-heading-tag '  itemprop=\"headline\"  >Bienvenido a <strong>Hotel Benedicta<\/strong><\/h1><div class='av_custom_color av-subheading av-subheading_below'><p>El hotel para sus momentos en Ciudad de M\u00e9xico<br \/>\n<strong><a href=\"https:\/\/www.hotelbenedicta.net\/reserva\">Reserva Ya<\/a><\/strong><\/p>\n<\/div><div class=\"special-heading-border\"><div class=\"special-heading-inner-border\"><\/div><\/div><\/div>\n\n<\/div><\/div><\/main><!-- close content main element --><\/div><\/div>\n<style type=\"text\/css\" data-created_by=\"avia_inline_auto\" id=\"style-css-av-60m48-01d48983c4ba34c34e4744f780c417cb\">\n.avia-section.av-60m48-01d48983c4ba34c34e4744f780c417cb{\nbackground-repeat:no-repeat;\nbackground-image:url(https:\/\/www.hotelbenedicta.net\/wp-content\/uploads\/2014\/07\/fruit_bg.jpg);\nbackground-position:100% 100%;\nbackground-attachment:scroll;\n}\n<\/style>\n<div id='av_section_2'  class='avia-section av-60m48-01d48983c4ba34c34e4744f780c417cb main_color avia-section-large avia-no-border-styling  avia-builder-el-2  el_after_av_section  avia-builder-el-last  avia-bg-style-scroll container_wrap sidebar_right'  data-section-bg-repeat='no-repeat'><div class='container av-section-cont-open' ><div class='template-page content  av-content-small alpha units'><div class='post-entry post-entry-type-page post-entry-360'><div class='entry-content-wrapper clearfix'>\n<div  class='flex_column av-1kflmg-2544537772908296ab6457bc969d1e95 av_two_third  avia-builder-el-3  el_before_av_one_third  avia-builder-el-first  first flex_column_div  '     ><div  class='avia-slideshow av-jr7otw43-96fdbe23b9fbf7c81a5f942b8a24f37a avia-slideshow-magazine av_slideshow avia-fade-slider  avia-builder-el-4  avia-builder-el-no-sibling  av-slideshow-ui av-control-default av-slideshow-autoplay av-loop-endless av-loop-manual-endless av-default-height-applied avia-slideshow-1' data-slideshow-options=\"{&quot;animation&quot;:&quot;fade&quot;,&quot;autoplay&quot;:true,&quot;loop_autoplay&quot;:&quot;endless&quot;,&quot;interval&quot;:5,&quot;loop_manual&quot;:&quot;manual-endless&quot;,&quot;autoplay_stopper&quot;:false,&quot;noNavigation&quot;:false,&quot;bg_slider&quot;:false,&quot;keep_padding&quot;:false,&quot;hoverpause&quot;:false,&quot;show_slide_delay&quot;:0}\"  itemprop=\"image\" itemscope=\"itemscope\" itemtype=\"https:\/\/schema.org\/ImageObject\" ><ul class='avia-slideshow-inner ' style='padding-bottom: 52.816901408451%;'><li  class='avia-slideshow-slide av-jr7otw43-96fdbe23b9fbf7c81a5f942b8a24f37a__0  slide-1 slide-odd'><div data-rel='slideshow-1' class='avia-slide-wrap '   ><img decoding=\"async\" fetchpriority=\"high\" class=\"wp-image-1143 avia-img-lazy-loading-not-1143\"  src=\"https:\/\/www.hotelbenedicta.net\/wp-content\/uploads\/2025\/10\/hotel-benedicta-710x375.jpg\" width=\"710\" height=\"375\" title='hotel benedicta' alt=''  itemprop=\"thumbnailUrl\" srcset=\"https:\/\/www.hotelbenedicta.net\/wp-content\/uploads\/2025\/10\/hotel-benedicta-710x375.jpg 710w, https:\/\/www.hotelbenedicta.net\/wp-content\/uploads\/2025\/10\/hotel-benedicta-300x158.jpg 300w, https:\/\/www.hotelbenedicta.net\/wp-content\/uploads\/2025\/10\/hotel-benedicta-768x405.jpg 768w, https:\/\/www.hotelbenedicta.net\/wp-content\/uploads\/2025\/10\/hotel-benedicta-705x372.jpg 705w, https:\/\/www.hotelbenedicta.net\/wp-content\/uploads\/2025\/10\/hotel-benedicta.jpg 1024w\" sizes=\"(max-width: 710px) 100vw, 710px\" \/><\/div><\/li><li  class='avia-slideshow-slide av-jr7otw43-96fdbe23b9fbf7c81a5f942b8a24f37a__1  slide-2 slide-even'><div data-rel='slideshow-1' class='avia-slide-wrap '   ><img decoding=\"async\" fetchpriority=\"high\" class=\"wp-image-1151 avia-img-lazy-loading-not-1151\"  src=\"https:\/\/www.hotelbenedicta.net\/wp-content\/uploads\/2025\/10\/triple-710x375.jpg\" width=\"710\" height=\"375\" title='triple' alt=''  itemprop=\"thumbnailUrl\" srcset=\"https:\/\/www.hotelbenedicta.net\/wp-content\/uploads\/2025\/10\/triple-710x375.jpg 710w, https:\/\/www.hotelbenedicta.net\/wp-content\/uploads\/2025\/10\/triple-300x158.jpg 300w, https:\/\/www.hotelbenedicta.net\/wp-content\/uploads\/2025\/10\/triple-768x405.jpg 768w, https:\/\/www.hotelbenedicta.net\/wp-content\/uploads\/2025\/10\/triple-705x372.jpg 705w, https:\/\/www.hotelbenedicta.net\/wp-content\/uploads\/2025\/10\/triple.jpg 1024w\" sizes=\"(max-width: 710px) 100vw, 710px\" \/><\/div><\/li><li  class='avia-slideshow-slide av-jr7otw43-96fdbe23b9fbf7c81a5f942b8a24f37a__2  slide-3 slide-odd'><div data-rel='slideshow-1' class='avia-slide-wrap '   ><img decoding=\"async\" fetchpriority=\"high\" class=\"wp-image-1147 avia-img-lazy-loading-not-1147\"  src=\"https:\/\/www.hotelbenedicta.net\/wp-content\/uploads\/2025\/10\/hotel-benedicta3-710x375.jpg\" width=\"710\" height=\"375\" title='hotel benedicta3' alt=''  itemprop=\"thumbnailUrl\"   \/><\/div><\/li><\/ul><div class='avia-slideshow-arrows avia-slideshow-controls' ><a href='#prev' class='prev-slide ' aria-hidden='true' data-av_icon='\ue87c' data-av_iconfont='entypo-fontello'  tabindex='-1'>Anterior<\/a><a href='#next' class='next-slide ' aria-hidden='true' data-av_icon='\ue87d' data-av_iconfont='entypo-fontello'  tabindex='-1'>Posterior<\/a><\/div><div class='avia-slideshow-dots avia-slideshow-controls'><a href='#1' class='goto-slide active' >1<\/a><a href='#2' class='goto-slide ' >2<\/a><a href='#3' class='goto-slide ' >3<\/a><\/div><\/div><\/div>\n<style type=\"text\/css\" data-created_by=\"avia_inline_auto\" id=\"style-css-av-upf14-8b814e9b9ee504655db6a60ff1d08eed\">\n.flex_column.av-upf14-8b814e9b9ee504655db6a60ff1d08eed{\nborder-radius:0px 0px 0px 0px;\npadding:0px 0px 0px 0px;\n}\n<\/style>\n<div  class='flex_column av-upf14-8b814e9b9ee504655db6a60ff1d08eed av_one_third  avia-builder-el-5  el_after_av_two_third  el_before_av_one_half  flex_column_div av-zero-column-padding  '     ><p>\n<style type=\"text\/css\" data-created_by=\"avia_inline_auto\" id=\"style-css-av-jwujur6l-74aa28c391049daf91e29ae38b50d743\">\n#top .av-special-heading.av-jwujur6l-74aa28c391049daf91e29ae38b50d743{\npadding-bottom:0;\n}\nbody .av-special-heading.av-jwujur6l-74aa28c391049daf91e29ae38b50d743 .av-special-heading-tag .heading-char{\nfont-size:25px;\n}\n.av-special-heading.av-jwujur6l-74aa28c391049daf91e29ae38b50d743 .av-subheading{\nfont-size:15px;\n}\n<\/style>\n<div  class='av-special-heading av-jwujur6l-74aa28c391049daf91e29ae38b50d743 av-special-heading-h2 blockquote modern-quote  avia-builder-el-6  el_before_av_hr  avia-builder-el-first  av-thin-font av-linked-heading'><h2 class='av-special-heading-tag '  itemprop=\"headline\"  >C\u00e9ntrico hotel a tan solo <strong>5 minutos del metrobus Hamburgo<\/strong><\/h2><div class='av-subheading av-subheading_below'><p>Est\u00e1 a un solo click de vivir Ciudad de M\u00e9xico!<\/p>\n<\/div><div class=\"special-heading-border\"><div class=\"special-heading-inner-border\"><\/div><\/div><\/div><br \/>\n\n<style type=\"text\/css\" data-created_by=\"avia_inline_auto\" id=\"style-css-av-p14v4-e9404073d87b81344ed3dc25c3ea4041\">\n#top .hr.hr-invisible.av-p14v4-e9404073d87b81344ed3dc25c3ea4041{\nheight:1px;\n}\n<\/style>\n<div  class='hr av-p14v4-e9404073d87b81344ed3dc25c3ea4041 hr-invisible  avia-builder-el-7  el_after_av_heading  el_before_av_textblock '><span class='hr-inner '><span class=\"hr-inner-style\"><\/span><\/span><\/div><br \/>\n<section  class='av_textblock_section av-jr7ovfy9-ba580d47ddafc503b4f77ce22c0390b9 '   itemscope=\"itemscope\" itemtype=\"https:\/\/schema.org\/CreativeWork\" ><div class='avia_textblock'  itemprop=\"text\" ><p>El <strong>Hotel Benedicta<\/strong> est\u00e1 ubicado en el coraz\u00f3n de la Ciudad de M\u00e9xico, a una distancia de 400 metros de la estaci\u00f3n de metro Cuauht\u00e9moc y a solo 100 metros de la avenida Chapultepec. Se brinda acceso gratuito a internet Wi-Fi y a un estacionamiento privado.<\/p>\n<p>Las habitaciones, decoradas con un estilo mexicano, disponen de \u00e1rea de estar, ba\u00f1o privado y televisi\u00f3n por sat\u00e9lite. Cada habitaci\u00f3n est\u00e1 equipada con utensilios de planchado y un ventilador.<\/p>\n<div>\n<ul>\n<li>Vive una experiencia \u00fanica: calidad, servicio, <strong>compromiso<\/strong>.<\/li>\n<li>Habitaciones individuales, dobles, triples y cu\u00e1druples.<\/li>\n<li>Relaci\u00f3n calidad\/precio inmejorable.<\/li>\n<\/ul>\n<\/div>\n<p>Para que disfrutes de una <strong>experiencia diferente<\/strong>.<\/p>\n<\/div><\/section><br \/>\n<div  class='avia-button-wrap av-kt6yg-67cd320f9a8fab9d1dc07aaa4136d004-wrap avia-button-center  avia-builder-el-9  el_after_av_textblock  avia-builder-el-last '><a href='https:\/\/www.hotelbenedicta.net\/reserva'  class='avia-button av-kt6yg-67cd320f9a8fab9d1dc07aaa4136d004 av-link-btn avia-icon_select-yes-left-icon avia-size-small avia-position-center avia-color-theme-color'   aria-label=\"Reserva Ya\"><span class='avia_button_icon avia_button_icon_left' aria-hidden='true' data-av_icon='\ue85b' data-av_iconfont='entypo-fontello'><\/span><span class='avia_iconbox_title' >Reserva Ya<\/span><\/a><\/div><\/p><\/div><div  class='flex_column av-cwktc-8c08a6776c789c4bcaf33db4a1197834 av_one_half  avia-builder-el-10  el_after_av_one_third  el_before_av_one_half  first flex_column_div  column-top-margin'     ><p>\n<style type=\"text\/css\" data-created_by=\"avia_inline_auto\" id=\"style-css-av-jr7ovte8-c0854609f3bf6f417045fba3ad90d358\">\n.avia-image-container.av-jr7ovte8-c0854609f3bf6f417045fba3ad90d358 img.avia_image{\nbox-shadow:none;\n}\n.avia-image-container.av-jr7ovte8-c0854609f3bf6f417045fba3ad90d358 .av-caption-image-overlay-bg{\nopacity:0.4;\nbackground-color:#000000;\n}\n.avia-image-container.av-jr7ovte8-c0854609f3bf6f417045fba3ad90d358 .av-image-caption-overlay-center{\ncolor:#ffffff;\nfont-size:20px;\n}\n<\/style>\n<div  class='avia-image-container av-jr7ovte8-c0854609f3bf6f417045fba3ad90d358 av-styling- av-img-linked avia_animated_image av-animated-when-visible-95 pop-up avia-align-center  avia-builder-el-11  el_before_av_icon_box  avia-builder-el-first  noHover av-overlay-on-hover'   itemprop=\"image\" itemscope=\"itemscope\" itemtype=\"https:\/\/schema.org\/ImageObject\" ><div class=\"avia-image-container-inner\"><div class=\"avia-image-overlay-wrap\"><a href=\"https:\/\/www.hotelbenedicta.net\/es\/descubre\/\" class='avia_image '  aria-label='hotel benedicta'><div class=\"av-image-caption-overlay\"><div class=\"av-caption-image-overlay-bg\"><\/div><div class=\"av-image-caption-overlay-position\"><div class=\"av-image-caption-overlay-center\"><p>M\u00e1s info&#8230;.<\/p>\n<\/div><\/div><\/div><img decoding=\"async\" fetchpriority=\"high\" class='wp-image-1143 avia-img-lazy-loading-not-1143 avia_image ' src=\"https:\/\/www.hotelbenedicta.net\/wp-content\/uploads\/2025\/10\/hotel-benedicta-845x540.jpg\" alt='' title='hotel benedicta'  height=\"540\" width=\"845\"  itemprop=\"thumbnailUrl\"  \/><\/a><\/div><\/div><\/div><br \/>\n<article  class='iconbox iconbox_left av-jr7ow9h8-7720b33bde2154f519bd6ccc9ec7a22b  avia-builder-el-12  el_after_av_image  avia-builder-el-last '  itemscope=\"itemscope\" itemtype=\"https:\/\/schema.org\/CreativeWork\" ><div class=\"iconbox_content\"><header class=\"entry-content-header\"><div class=\"iconbox_icon heading-color\" aria-hidden='true' data-av_icon='\ue808' data-av_iconfont='entypo-fontello'><\/div><h3 class='iconbox_content_title '  itemprop=\"headline\" ><a href='https:\/\/www.hotelbenedicta.net\/es\/descubre\/' title='DESCUBRE EL HOTEL'  >DESCUBRE EL HOTEL<\/a><\/h3><\/header><div class='iconbox_content_container '  itemprop=\"text\" ><p>Descubre el hotel.<\/p>\n<p><a href=\"https:\/\/www.hotelbenedicta.net\/es\/descubre\/\"><strong>M\u00e1s info -><\/strong><\/a><\/p>\n<\/div><\/div><footer class=\"entry-footer\"><\/footer><\/article><\/p><\/div>\n<style type=\"text\/css\" data-created_by=\"avia_inline_auto\" id=\"style-css-av-795ig-440c5416baa9ab58aac6273a531a0bea\">\n.flex_column.av-795ig-440c5416baa9ab58aac6273a531a0bea{\nborder-radius:0px 0px 0px 0px;\npadding:0px 0px 0px 0px;\n}\n<\/style>\n<div  class='flex_column av-795ig-440c5416baa9ab58aac6273a531a0bea av_one_half  avia-builder-el-13  el_after_av_one_half  avia-builder-el-last  flex_column_div av-zero-column-padding  column-top-margin'     ><p>\n<style type=\"text\/css\" data-created_by=\"avia_inline_auto\" id=\"style-css-av-jr7ovznm-3c700d7aec4a2a699deae3c60c46f727\">\n.avia-image-container.av-jr7ovznm-3c700d7aec4a2a699deae3c60c46f727 img.avia_image{\nbox-shadow:none;\n}\n.avia-image-container.av-jr7ovznm-3c700d7aec4a2a699deae3c60c46f727 .av-caption-image-overlay-bg{\nopacity:0.4;\nbackground-color:#000000;\n}\n.avia-image-container.av-jr7ovznm-3c700d7aec4a2a699deae3c60c46f727 .av-image-caption-overlay-center{\ncolor:#ffffff;\nfont-size:20px;\n}\n<\/style>\n<div  class='avia-image-container av-jr7ovznm-3c700d7aec4a2a699deae3c60c46f727 av-styling- av-img-linked avia_animated_image av-animated-when-visible-95 pop-up avia-align-center  avia-builder-el-14  el_before_av_icon_box  avia-builder-el-first  noHover av-overlay-on-hover'   itemprop=\"image\" itemscope=\"itemscope\" itemtype=\"https:\/\/schema.org\/ImageObject\" ><div class=\"avia-image-container-inner\"><div class=\"avia-image-overlay-wrap\"><a href=\"https:\/\/www.hotelbenedicta.net\/es\/habitaciones\/\" class='avia_image '  aria-label='triple'><div class=\"av-image-caption-overlay\"><div class=\"av-caption-image-overlay-bg\"><\/div><div class=\"av-image-caption-overlay-position\"><div class=\"av-image-caption-overlay-center\"><p>M\u00e1s info&#8230;.<\/p>\n<\/div><\/div><\/div><img decoding=\"async\" fetchpriority=\"high\" class='wp-image-1151 avia-img-lazy-loading-not-1151 avia_image ' src=\"https:\/\/www.hotelbenedicta.net\/wp-content\/uploads\/2025\/10\/triple-845x540.jpg\" alt='' title='triple'  height=\"540\" width=\"845\"  itemprop=\"thumbnailUrl\"  \/><\/a><\/div><\/div><\/div><br \/>\n<article  class='iconbox iconbox_left av-jr7owgqj-fcf80dd9205ed11e05289f396cb9cdb2  avia-builder-el-15  el_after_av_image  avia-builder-el-last '  itemscope=\"itemscope\" itemtype=\"https:\/\/schema.org\/CreativeWork\" ><div class=\"iconbox_content\"><header class=\"entry-content-header\"><div class=\"iconbox_icon heading-color\" aria-hidden='true' data-av_icon='\ue808' data-av_iconfont='entypo-fontello'><\/div><h3 class='iconbox_content_title '  itemprop=\"headline\" ><a href='https:\/\/www.hotelbenedicta.net\/es\/habitaciones\/' title='HABITACIONES'  >HABITACIONES<\/a><\/h3><\/header><div class='iconbox_content_container '  itemprop=\"text\" ><p>Muchas configuraciones disponibles.<\/p>\n<p><a href=\"https:\/\/www.hotelbenedicta.net\/es\/habitaciones\/\"><strong>M\u00e1s info -><\/strong><\/a><\/p>\n<\/div><\/div><footer class=\"entry-footer\"><\/footer><\/article><\/p><\/div>\n<\/div><\/div><\/div><!-- close content main div --><\/div><\/div><div id='after_section_2'  class='main_color av_default_container_wrap container_wrap sidebar_right'  ><div class='container av-section-cont-open' ><div class='template-page content  av-content-small alpha units'><div class='post-entry post-entry-type-page post-entry-360'><div class='entry-content-wrapper clearfix'>\n","protected":false},"excerpt":{"rendered":"","protected":false},"author":1,"featured_media":0,"parent":0,"menu_order":0,"comment_status":"open","ping_status":"open","template":"","meta":{"footnotes":""},"class_list":["post-360","page","type-page","status-publish","hentry"],"yoast_head":"<!-- This site is optimized with the Yoast SEO plugin v26.3 - https:\/\/yoast.com\/wordpress\/plugins\/seo\/ -->\n<title>Hotel Benedicta - Ciudad de M\u00e9xico<\/title>\n<meta name=\"description\" content=\"Hotel Benedicta: su \u2b50hotel\u2b50 en Ciudad de M\u00e9xico. Situado a tan solo 5min del metrobus Hamburgo. La mejor relaci\u00f3n calidad\/precio le espera &gt;&gt;&gt;\" \/>\n<meta name=\"robots\" content=\"index, follow, max-snippet:-1, max-image-preview:large, max-video-preview:-1\" \/>\n<link rel=\"canonical\" href=\"https:\/\/www.hotelbenedicta.net\/es\/\" \/>\n<meta property=\"og:locale\" content=\"es_ES\" \/>\n<meta property=\"og:type\" content=\"article\" \/>\n<meta property=\"og:title\" content=\"Hotel Benedicta - Ciudad de M\u00e9xico\" \/>\n<meta property=\"og:description\" content=\"Hotel Benedicta: su \u2b50hotel\u2b50 en Ciudad de M\u00e9xico. Situado a tan solo 5min del metrobus Hamburgo. La mejor relaci\u00f3n calidad\/precio le espera &gt;&gt;&gt;\" \/>\n<meta property=\"og:url\" content=\"https:\/\/www.hotelbenedicta.net\/es\/\" \/>\n<meta property=\"og:site_name\" content=\"Hotel Benedicta, Ciudad de M\u00e9xico\" \/>\n<meta property=\"article:modified_time\" content=\"2025-10-27T14:22:38+00:00\" \/>\n<meta name=\"twitter:card\" content=\"summary_large_image\" \/>\n<meta name=\"twitter:label1\" content=\"Tiempo de lectura\" \/>\n\t<meta name=\"twitter:data1\" content=\"2 minutos\" \/>\n<script type=\"application\/ld+json\" class=\"yoast-schema-graph\">{\"@context\":\"https:\/\/schema.org\",\"@graph\":[{\"@type\":\"WebPage\",\"@id\":\"https:\/\/www.hotelbenedicta.net\/es\/\",\"url\":\"https:\/\/www.hotelbenedicta.net\/es\/\",\"name\":\"Hotel Benedicta - Ciudad de M\u00e9xico\",\"isPartOf\":{\"@id\":\"https:\/\/www.hotelbenedicta.net\/#website\"},\"datePublished\":\"2019-01-21T01:53:00+00:00\",\"dateModified\":\"2025-10-27T14:22:38+00:00\",\"description\":\"Hotel Benedicta: su \u2b50hotel\u2b50 en Ciudad de M\u00e9xico. Situado a tan solo 5min del metrobus Hamburgo. La mejor relaci\u00f3n calidad\/precio le espera >>>\",\"breadcrumb\":{\"@id\":\"https:\/\/www.hotelbenedicta.net\/es\/#breadcrumb\"},\"inLanguage\":\"es\",\"potentialAction\":[{\"@type\":\"ReadAction\",\"target\":[\"https:\/\/www.hotelbenedicta.net\/es\/\"]}]},{\"@type\":\"BreadcrumbList\",\"@id\":\"https:\/\/www.hotelbenedicta.net\/es\/#breadcrumb\",\"itemListElement\":[{\"@type\":\"ListItem\",\"position\":1,\"name\":\"Home\",\"item\":\"https:\/\/www.hotelbenedicta.net\/es\/\"},{\"@type\":\"ListItem\",\"position\":2,\"name\":\"Hotel Benedicta\"}]},{\"@type\":\"WebSite\",\"@id\":\"https:\/\/www.hotelbenedicta.net\/#website\",\"url\":\"https:\/\/www.hotelbenedicta.net\/\",\"name\":\"Hotel Benedicta, Ciudad de M\u00e9xico\",\"description\":\"Hotel Benedicta, Ciudad de M\u00e9xico\",\"publisher\":{\"@id\":\"https:\/\/www.hotelbenedicta.net\/#organization\"},\"potentialAction\":[{\"@type\":\"SearchAction\",\"target\":{\"@type\":\"EntryPoint\",\"urlTemplate\":\"https:\/\/www.hotelbenedicta.net\/?s={search_term_string}\"},\"query-input\":{\"@type\":\"PropertyValueSpecification\",\"valueRequired\":true,\"valueName\":\"search_term_string\"}}],\"inLanguage\":\"es\"},{\"@type\":\"Organization\",\"@id\":\"https:\/\/www.hotelbenedicta.net\/#organization\",\"name\":\"Hostal R\u00edo Paran\u00e1\",\"url\":\"https:\/\/www.hotelbenedicta.net\/\",\"logo\":{\"@type\":\"ImageObject\",\"inLanguage\":\"es\",\"@id\":\"https:\/\/www.hotelbenedicta.net\/#\/schema\/logo\/image\/\",\"url\":\"https:\/\/www.hotelbenedicta.net\/wp-content\/uploads\/2019\/06\/Hostal-rio-paran\u00e1.png\",\"contentUrl\":\"https:\/\/www.hotelbenedicta.net\/wp-content\/uploads\/2019\/06\/Hostal-rio-paran\u00e1.png\",\"width\":500,\"height\":500,\"caption\":\"Hostal R\u00edo Paran\u00e1\"},\"image\":{\"@id\":\"https:\/\/www.hotelbenedicta.net\/#\/schema\/logo\/image\/\"}}]}<\/script>\n<!-- \/ Yoast SEO plugin. -->","yoast_head_json":{"title":"Hotel Benedicta - Ciudad de M\u00e9xico","description":"Hotel Benedicta: su \u2b50hotel\u2b50 en Ciudad de M\u00e9xico. Situado a tan solo 5min del metrobus Hamburgo. La mejor relaci\u00f3n calidad\/precio le espera >>>","robots":{"index":"index","follow":"follow","max-snippet":"max-snippet:-1","max-image-preview":"max-image-preview:large","max-video-preview":"max-video-preview:-1"},"canonical":"https:\/\/www.hotelbenedicta.net\/es\/","og_locale":"es_ES","og_type":"article","og_title":"Hotel Benedicta - Ciudad de M\u00e9xico","og_description":"Hotel Benedicta: su \u2b50hotel\u2b50 en Ciudad de M\u00e9xico. Situado a tan solo 5min del metrobus Hamburgo. La mejor relaci\u00f3n calidad\/precio le espera >>>","og_url":"https:\/\/www.hotelbenedicta.net\/es\/","og_site_name":"Hotel Benedicta, Ciudad de M\u00e9xico","article_modified_time":"2025-10-27T14:22:38+00:00","twitter_card":"summary_large_image","twitter_misc":{"Tiempo de lectura":"2 minutos"},"schema":{"@context":"https:\/\/schema.org","@graph":[{"@type":"WebPage","@id":"https:\/\/www.hotelbenedicta.net\/es\/","url":"https:\/\/www.hotelbenedicta.net\/es\/","name":"Hotel Benedicta - Ciudad de M\u00e9xico","isPartOf":{"@id":"https:\/\/www.hotelbenedicta.net\/#website"},"datePublished":"2019-01-21T01:53:00+00:00","dateModified":"2025-10-27T14:22:38+00:00","description":"Hotel Benedicta: su \u2b50hotel\u2b50 en Ciudad de M\u00e9xico. Situado a tan solo 5min del metrobus Hamburgo. La mejor relaci\u00f3n calidad\/precio le espera >>>","breadcrumb":{"@id":"https:\/\/www.hotelbenedicta.net\/es\/#breadcrumb"},"inLanguage":"es","potentialAction":[{"@type":"ReadAction","target":["https:\/\/www.hotelbenedicta.net\/es\/"]}]},{"@type":"BreadcrumbList","@id":"https:\/\/www.hotelbenedicta.net\/es\/#breadcrumb","itemListElement":[{"@type":"ListItem","position":1,"name":"Home","item":"https:\/\/www.hotelbenedicta.net\/es\/"},{"@type":"ListItem","position":2,"name":"Hotel Benedicta"}]},{"@type":"WebSite","@id":"https:\/\/www.hotelbenedicta.net\/#website","url":"https:\/\/www.hotelbenedicta.net\/","name":"Hotel Benedicta, Ciudad de M\u00e9xico","description":"Hotel Benedicta, Ciudad de M\u00e9xico","publisher":{"@id":"https:\/\/www.hotelbenedicta.net\/#organization"},"potentialAction":[{"@type":"SearchAction","target":{"@type":"EntryPoint","urlTemplate":"https:\/\/www.hotelbenedicta.net\/?s={search_term_string}"},"query-input":{"@type":"PropertyValueSpecification","valueRequired":true,"valueName":"search_term_string"}}],"inLanguage":"es"},{"@type":"Organization","@id":"https:\/\/www.hotelbenedicta.net\/#organization","name":"Hostal R\u00edo Paran\u00e1","url":"https:\/\/www.hotelbenedicta.net\/","logo":{"@type":"ImageObject","inLanguage":"es","@id":"https:\/\/www.hotelbenedicta.net\/#\/schema\/logo\/image\/","url":"https:\/\/www.hotelbenedicta.net\/wp-content\/uploads\/2019\/06\/Hostal-rio-paran\u00e1.png","contentUrl":"https:\/\/www.hotelbenedicta.net\/wp-content\/uploads\/2019\/06\/Hostal-rio-paran\u00e1.png","width":500,"height":500,"caption":"Hostal R\u00edo Paran\u00e1"},"image":{"@id":"https:\/\/www.hotelbenedicta.net\/#\/schema\/logo\/image\/"}}]}},"_links":{"self":[{"href":"https:\/\/www.hotelbenedicta.net\/es\/wp-json\/wp\/v2\/pages\/360","targetHints":{"allow":["GET"]}}],"collection":[{"href":"https:\/\/www.hotelbenedicta.net\/es\/wp-json\/wp\/v2\/pages"}],"about":[{"href":"https:\/\/www.hotelbenedicta.net\/es\/wp-json\/wp\/v2\/types\/page"}],"author":[{"embeddable":true,"href":"https:\/\/www.hotelbenedicta.net\/es\/wp-json\/wp\/v2\/users\/1"}],"replies":[{"embeddable":true,"href":"https:\/\/www.hotelbenedicta.net\/es\/wp-json\/wp\/v2\/comments?post=360"}],"version-history":[{"count":9,"href":"https:\/\/www.hotelbenedicta.net\/es\/wp-json\/wp\/v2\/pages\/360\/revisions"}],"predecessor-version":[{"id":1173,"href":"https:\/\/www.hotelbenedicta.net\/es\/wp-json\/wp\/v2\/pages\/360\/revisions\/1173"}],"wp:attachment":[{"href":"https:\/\/www.hotelbenedicta.net\/es\/wp-json\/wp\/v2\/media?parent=360"}],"curies":[{"name":"wp","href":"https:\/\/api.w.org\/{rel}","templated":true}]}}